{"id":10402,"date":"2017-08-21T11:51:17","date_gmt":"2017-08-21T14:51:17","guid":{"rendered":"http:\/\/extintoresfirecruzeiro.com.br\/?page_id=10402"},"modified":"2023-04-12T16:24:17","modified_gmt":"2023-04-12T19:24:17","slug":"clientes","status":"publish","type":"page","link":"https:\/\/extintoresfirecruzeiro.com.br\/?page_id=10402","title":{"rendered":"Clientes"},"content":{"rendered":"<div class=\"fusion-title title fusion-title-size-one\"><h1 class=\"title-heading-left\">Clientes<\/h1><div class=\"title-sep-container\"><div class=\"title-sep sep-double sep-solid\"><\/div><\/div><\/div>\n<p>&#8211; Dan vigor<\/p>\n<p>&#8211; Villarreal Supermercados<\/p>\n<p>&#8211; Cruzeiro Futebol Clube<\/p>\n<p>&#8211; Itaguar\u00e1 Country Clube<\/p>\n<p>&#8211; Transportadora Soberama<\/p>\n<p>&#8211; O Loj\u00e3o Magazine<\/p>\n<p>&#8211; Farol do Vale<\/p>\n<p>&#8211; SESI CAT Cruzeiro<\/p>\n<p>&#8211; Can\u00e7\u00e3o Nova<\/p>\n<p>&#8211; Hotel Embaixador<\/p>\n<p>&#8211; Rede Gisela<\/p>\n<p>&#8211; Produtor Supermercado<\/p>\n<p>&#8211; Rede GNV Brasil<\/p>\n<p>&#8211; Guar\u00e1 Motor<\/p>\n<p>&#8211; Unimed<\/p>\n<p>&#8211; Coimbra Materiais de Constru\u00e7\u00e3o<\/p>\n","protected":false},"excerpt":{"rendered":"<p>&#8211; Dan vigor &#8211; Villarreal Supermercados &#8211; Cruzeiro Futebol Clube &#8211; Itaguar\u00e1 Country Clube &#8211; Transportadora Soberama &#8211; O Loj\u00e3o Magazine &#8211; Farol do Vale &#8211; SESI CAT Cruzeiro &#8211; Can\u00e7\u00e3o Nova &#8211; Hotel Embaixador &#8211; Rede Gisela &#8211; Produtor Supermercado &#8211; Rede GNV Brasil &#8211; Guar\u00e1 Motor &#8211; Unimed &#8211; Coimbra Materiais de Constru\u00e7\u00e3o<\/p>\n","protected":false},"author":1,"featured_media":0,"parent":0,"menu_order":0,"comment_status":"closed","ping_status":"closed","template":"","meta":{"footnotes":""},"class_list":["post-10402","page","type-page","status-publish","hentry"],"_links":{"self":[{"href":"https:\/\/extintoresfirecruzeiro.com.br\/index.php?rest_route=\/wp\/v2\/pages\/10402","targetHints":{"allow":["GET"]}}],"collection":[{"href":"https:\/\/extintoresfirecruzeiro.com.br\/index.php?rest_route=\/wp\/v2\/pages"}],"about":[{"href":"https:\/\/extintoresfirecruzeiro.com.br\/index.php?rest_route=\/wp\/v2\/types\/page"}],"author":[{"embeddable":true,"href":"https:\/\/extintoresfirecruzeiro.com.br\/index.php?rest_route=\/wp\/v2\/users\/1"}],"replies":[{"embeddable":true,"href":"https:\/\/extintoresfirecruzeiro.com.br\/index.php?rest_route=%2Fwp%2Fv2%2Fcomments&post=10402"}],"version-history":[{"count":1,"href":"https:\/\/extintoresfirecruzeiro.com.br\/index.php?rest_route=\/wp\/v2\/pages\/10402\/revisions"}],"predecessor-version":[{"id":10403,"href":"https:\/\/extintoresfirecruzeiro.com.br\/index.php?rest_route=\/wp\/v2\/pages\/10402\/revisions\/10403"}],"wp:attachment":[{"href":"https:\/\/extintoresfirecruzeiro.com.br\/index.php?rest_route=%2Fwp%2Fv2%2Fmedia&parent=10402"}],"curies":[{"name":"wp","href":"https:\/\/api.w.org\/{rel}","templated":true}]}}