{"id":10297,"date":"2015-01-15T12:02:18","date_gmt":"2015-01-15T12:02:18","guid":{"rendered":"http:\/\/extintoresfirecruzeiro.com.br\/?page_id=10297"},"modified":"2017-08-21T11:50:22","modified_gmt":"2017-08-21T14:50:22","slug":"servicos","status":"publish","type":"page","link":"https:\/\/extintoresfirecruzeiro.com.br\/?page_id=10297","title":{"rendered":"Servi\u00e7os"},"content":{"rendered":"<div class=\"fusion-title title fusion-title-size-one\"><h1 class=\"title-heading-left\">Servi\u00e7os<\/h1><div class=\"title-sep-container\"><div class=\"title-sep sep-double sep-solid\"><\/div><\/div><\/div>\n<p>\u2022 Manuten\u00e7\u00e3o em Extintores;<\/p>\n<p>\u2022 Teste Hidrost\u00e1tico em Mangueiras de Inc\u00eandio;<\/p>\n<p>\u2022 Projetos de Combate a Inc\u00eandio (AVCB);<\/p>\n<p>\u2022 Vistoria T\u00e9cnica: vistoria pr\u00e9via efetuada por profissionais, no intuito de orienta\u00e7\u00e3o, salientando em relat\u00f3rio as inconformidades encontradas;<\/p>\n<p>\u2022 Treinamento e Atestado de Brigada de Inc\u00eandio;<\/p>\n<p>\u2022 Inspe\u00e7\u00e3o de seguran\u00e7a em Vasos de Press\u00e3o e Caldeira (NR 13).<\/p>\n\n\t\t<style type=\"text\/css\">\n\t\t\t#gallery-1 {\n\t\t\t\tmargin: auto;\n\t\t\t}\n\t\t\t#gallery-1 .gallery-item {\n\t\t\t\tfloat: left;\n\t\t\t\tmargin-top: 10px;\n\t\t\t\ttext-align: center;\n\t\t\t\twidth: 25%;\n\t\t\t}\n\t\t\t#gallery-1 img {\n\t\t\t\tborder: 2px solid #cfcfcf;\n\t\t\t}\n\t\t\t#gallery-1 .gallery-caption {\n\t\t\t\tmargin-left: 0;\n\t\t\t}\n\t\t\t\/* see gallery_shortcode() in wp-includes\/media.php *\/\n\t\t<\/style>\n\t\t<div id='gallery-1' class='gallery galleryid-10297 gallery-columns-4 gallery-size-thumbnail'><dl class='gallery-item'>\n\t\t\t<dt class='gallery-icon landscape'>\n\t\t\t\t<a data-rel=\"iLightbox[postimages]\" data-title=\"Servi\u00e7os\" data-caption=\"\" href='https:\/\/extintoresfirecruzeiro.com.br\/wp-content\/uploads\/2015\/01\/Fire_Cruzeiro-1.jpg'><img loading=\"lazy\" decoding=\"async\" width=\"250\" height=\"170\" src=\"https:\/\/extintoresfirecruzeiro.com.br\/wp-content\/uploads\/2015\/01\/Fire_Cruzeiro-1-250x170.jpg\" class=\"attachment-thumbnail size-thumbnail\" alt=\"\" aria-describedby=\"gallery-1-10361\" \/><\/a>\n\t\t\t<\/dt>\n\t\t\t\t<dd class='wp-caption-text gallery-caption' id='gallery-1-10361'>\n\t\t\t\tManuten\u00e7\u00e3o em Extintores\n\t\t\t\t<\/dd><\/dl><dl class='gallery-item'>\n\t\t\t<dt class='gallery-icon landscape'>\n\t\t\t\t<a data-rel=\"iLightbox[postimages]\" data-title=\"Servi\u00e7os\" data-caption=\"\" href='https:\/\/extintoresfirecruzeiro.com.br\/wp-content\/uploads\/2015\/01\/Fire_Cruzeiro-2.jpg'><img loading=\"lazy\" decoding=\"async\" width=\"250\" height=\"170\" src=\"https:\/\/extintoresfirecruzeiro.com.br\/wp-content\/uploads\/2015\/01\/Fire_Cruzeiro-2-250x170.jpg\" class=\"attachment-thumbnail size-thumbnail\" alt=\"\" aria-describedby=\"gallery-1-10362\" \/><\/a>\n\t\t\t<\/dt>\n\t\t\t\t<dd class='wp-caption-text gallery-caption' id='gallery-1-10362'>\n\t\t\t\tProjetos de Combate \u00e1 Inc\u00eandio (AVCB)\n\t\t\t\t<\/dd><\/dl><dl class='gallery-item'>\n\t\t\t<dt class='gallery-icon landscape'>\n\t\t\t\t<a data-rel=\"iLightbox[postimages]\" data-title=\"Servi\u00e7os\" data-caption=\"\" href='https:\/\/extintoresfirecruzeiro.com.br\/wp-content\/uploads\/2015\/01\/Fire_Cruzeiro-3.jpg'><img loading=\"lazy\" decoding=\"async\" width=\"250\" height=\"170\" src=\"https:\/\/extintoresfirecruzeiro.com.br\/wp-content\/uploads\/2015\/01\/Fire_Cruzeiro-3-250x170.jpg\" class=\"attachment-thumbnail size-thumbnail\" alt=\"\" aria-describedby=\"gallery-1-10363\" \/><\/a>\n\t\t\t<\/dt>\n\t\t\t\t<dd class='wp-caption-text gallery-caption' id='gallery-1-10363'>\n\t\t\t\tTeste Hidrost\u00e1tico\n\t\t\t\t<\/dd><\/dl><dl class='gallery-item'>\n\t\t\t<dt class='gallery-icon landscape'>\n\t\t\t\t<a data-rel=\"iLightbox[postimages]\" data-title=\"Servi\u00e7os\" data-caption=\"\" href='https:\/\/extintoresfirecruzeiro.com.br\/wp-content\/uploads\/2015\/01\/Fire_Cruzeiro-4.jpg'><img loading=\"lazy\" decoding=\"async\" width=\"250\" height=\"170\" src=\"https:\/\/extintoresfirecruzeiro.com.br\/wp-content\/uploads\/2015\/01\/Fire_Cruzeiro-4-250x170.jpg\" class=\"attachment-thumbnail size-thumbnail\" alt=\"\" aria-describedby=\"gallery-1-10364\" \/><\/a>\n\t\t\t<\/dt>\n\t\t\t\t<dd class='wp-caption-text gallery-caption' id='gallery-1-10364'>\n\t\t\t\tManuten\u00e7\u00e3o em Extintores\n\t\t\t\t<\/dd><\/dl><br style=\"clear: both\" \/>\n\t\t<\/div>\n\n<p>&nbsp;<\/p>\n","protected":false},"excerpt":{"rendered":"<p>\u2022 Manuten\u00e7\u00e3o em Extintores; \u2022 Teste Hidrost\u00e1tico em Mangueiras de Inc\u00eandio; \u2022 Projetos de Combate a Inc\u00eandio (AVCB); \u2022 Vistoria T\u00e9cnica: vistoria pr\u00e9via efetuada por profissionais, no intuito de orienta\u00e7\u00e3o, salientando em relat\u00f3rio as inconformidades encontradas; \u2022 Treinamento e Atestado de Brigada de Inc\u00eandio; \u2022 Inspe\u00e7\u00e3o de seguran\u00e7a em Vasos de Press\u00e3o e Caldeira (NR [&hellip;]<\/p>\n","protected":false},"author":1,"featured_media":0,"parent":0,"menu_order":0,"comment_status":"open","ping_status":"open","template":"","meta":{"footnotes":""},"class_list":["post-10297","page","type-page","status-publish","hentry"],"_links":{"self":[{"href":"https:\/\/extintoresfirecruzeiro.com.br\/index.php?rest_route=\/wp\/v2\/pages\/10297","targetHints":{"allow":["GET"]}}],"collection":[{"href":"https:\/\/extintoresfirecruzeiro.com.br\/index.php?rest_route=\/wp\/v2\/pages"}],"about":[{"href":"https:\/\/extintoresfirecruzeiro.com.br\/index.php?rest_route=\/wp\/v2\/types\/page"}],"author":[{"embeddable":true,"href":"https:\/\/extintoresfirecruzeiro.com.br\/index.php?rest_route=\/wp\/v2\/users\/1"}],"replies":[{"embeddable":true,"href":"https:\/\/extintoresfirecruzeiro.com.br\/index.php?rest_route=%2Fwp%2Fv2%2Fcomments&post=10297"}],"version-history":[{"count":6,"href":"https:\/\/extintoresfirecruzeiro.com.br\/index.php?rest_route=\/wp\/v2\/pages\/10297\/revisions"}],"predecessor-version":[{"id":10401,"href":"https:\/\/extintoresfirecruzeiro.com.br\/index.php?rest_route=\/wp\/v2\/pages\/10297\/revisions\/10401"}],"wp:attachment":[{"href":"https:\/\/extintoresfirecruzeiro.com.br\/index.php?rest_route=%2Fwp%2Fv2%2Fmedia&parent=10297"}],"curies":[{"name":"wp","href":"https:\/\/api.w.org\/{rel}","templated":true}]}}