{"id":10295,"date":"2015-01-15T12:01:27","date_gmt":"2015-01-15T12:01:27","guid":{"rendered":"http:\/\/extintoresfirecruzeiro.com.br\/?page_id=10295"},"modified":"2017-08-21T11:49:33","modified_gmt":"2017-08-21T14:49:33","slug":"produtos","status":"publish","type":"page","link":"https:\/\/extintoresfirecruzeiro.com.br\/?page_id=10295","title":{"rendered":"Produtos"},"content":{"rendered":"<div class=\"fusion-title title fusion-title-size-one\"><h1 class=\"title-heading-left\">Produtos<\/h1><div class=\"title-sep-container\"><div class=\"title-sep sep-double sep-solid\"><\/div><\/div><\/div>\n<p>Extintor de Di\u00f3xido de Carbono (Co2)<br \/>\nCapacidade: 2, 4, 6, 10 e 25kg.\u200f <\/p>\n<p>Extintor de P\u00f3 Qu\u00edmico<br \/>\nCapacidade: 4, 6, 8, 12, 20 e 50kg\u200f. <\/p>\n<p>Extintor de \u00c1gua Pressurizada<br \/>\nCapacidade: 10Lts e 75 Lts. <\/p>\n<p>Extintores Veiculares ABC<br \/>\nValidade: 5 anos<br \/>\nCapacidade: 1, 2 e 4 Kg<br \/>\nCapacidade: 8 e 12 Kg para carga perigosa.<\/p>\n<p>Extintor de P\u00f3 sobre Rodas<br \/>\nExtintor de P\u00f3 sobre Rodas 20, 30  e 50 Kg. Uso Comercial &#8211; Industrual <\/p>\n<p>Mangueiras Prediais e Industriais<br \/>\nTipo: I e II. Tamanhos: 15, 20, 25 e 30 mts\u200f.<br \/>\nDispon\u00edveis nos di\u00e2metros de 1.1\/2\u2033 e 2.1\/2\u2033<\/p>\n<p>Placas de Sinaliza\u00e7\u00e3o Fotoluminescente<br \/>\nDe acordo com as Normas ABNT 13434.<br \/>\nModelos Diversos.  <\/p>\n<p>Ilumina\u00e7\u00e3o de Emerg\u00eancia<\/p>\n<p>Portas Corta Fogo e Barras Anti P\u00e2nico<\/p>\n<p>Central de Alarme e Botoeiras<\/p>\n<p>Pe\u00e7as e acess\u00f3rios<\/p>\n<p>&nbsp;<\/p>\n\n\t\t<style type=\"text\/css\">\n\t\t\t#gallery-1 {\n\t\t\t\tmargin: auto;\n\t\t\t}\n\t\t\t#gallery-1 .gallery-item {\n\t\t\t\tfloat: left;\n\t\t\t\tmargin-top: 10px;\n\t\t\t\ttext-align: center;\n\t\t\t\twidth: 25%;\n\t\t\t}\n\t\t\t#gallery-1 img {\n\t\t\t\tborder: 2px solid #cfcfcf;\n\t\t\t}\n\t\t\t#gallery-1 .gallery-caption {\n\t\t\t\tmargin-left: 0;\n\t\t\t}\n\t\t\t\/* see gallery_shortcode() in wp-includes\/media.php *\/\n\t\t<\/style>\n\t\t<div id='gallery-1' class='gallery galleryid-10295 gallery-columns-4 gallery-size-thumbnail'><dl class='gallery-item'>\n\t\t\t<dt class='gallery-icon landscape'>\n\t\t\t\t<a data-rel=\"iLightbox[postimages]\" data-title=\"Produtos\" data-caption=\"\" href='https:\/\/extintoresfirecruzeiro.com.br\/wp-content\/uploads\/2015\/01\/001.jpg'><img loading=\"lazy\" decoding=\"async\" width=\"150\" height=\"150\" src=\"https:\/\/extintoresfirecruzeiro.com.br\/wp-content\/uploads\/2015\/01\/001-150x150.jpg\" class=\"attachment-thumbnail size-thumbnail\" alt=\"\" aria-describedby=\"gallery-1-10349\" srcset=\"https:\/\/extintoresfirecruzeiro.com.br\/wp-content\/uploads\/2015\/01\/001-150x150.jpg 150w, https:\/\/extintoresfirecruzeiro.com.br\/wp-content\/uploads\/2015\/01\/001-66x66.jpg 66w\" sizes=\"auto, (max-width: 150px) 100vw, 150px\" \/><\/a>\n\t\t\t<\/dt>\n\t\t\t\t<dd class='wp-caption-text gallery-caption' id='gallery-1-10349'>\n\t\t\t\tAbrigo ( Extintores e Mangueiras)\n\t\t\t\t<\/dd><\/dl><dl class='gallery-item'>\n\t\t\t<dt class='gallery-icon landscape'>\n\t\t\t\t<a data-rel=\"iLightbox[postimages]\" data-title=\"Produtos\" data-caption=\"\" href='https:\/\/extintoresfirecruzeiro.com.br\/wp-content\/uploads\/2015\/01\/002.jpg'><img loading=\"lazy\" decoding=\"async\" width=\"150\" height=\"150\" src=\"https:\/\/extintoresfirecruzeiro.com.br\/wp-content\/uploads\/2015\/01\/002-150x150.jpg\" class=\"attachment-thumbnail size-thumbnail\" alt=\"\" aria-describedby=\"gallery-1-10350\" srcset=\"https:\/\/extintoresfirecruzeiro.com.br\/wp-content\/uploads\/2015\/01\/002-150x150.jpg 150w, https:\/\/extintoresfirecruzeiro.com.br\/wp-content\/uploads\/2015\/01\/002-66x66.jpg 66w\" sizes=\"auto, (max-width: 150px) 100vw, 150px\" \/><\/a>\n\t\t\t<\/dt>\n\t\t\t\t<dd class='wp-caption-text gallery-caption' id='gallery-1-10350'>\n\t\t\t\tPortas Corta Fogo\n\t\t\t\t<\/dd><\/dl><dl class='gallery-item'>\n\t\t\t<dt class='gallery-icon landscape'>\n\t\t\t\t<a data-rel=\"iLightbox[postimages]\" data-title=\"Produtos\" data-caption=\"\" href='https:\/\/extintoresfirecruzeiro.com.br\/wp-content\/uploads\/2015\/01\/003.jpg'><img loading=\"lazy\" decoding=\"async\" width=\"150\" height=\"150\" src=\"https:\/\/extintoresfirecruzeiro.com.br\/wp-content\/uploads\/2015\/01\/003-150x150.jpg\" class=\"attachment-thumbnail size-thumbnail\" alt=\"\" aria-describedby=\"gallery-1-10351\" srcset=\"https:\/\/extintoresfirecruzeiro.com.br\/wp-content\/uploads\/2015\/01\/003-150x150.jpg 150w, https:\/\/extintoresfirecruzeiro.com.br\/wp-content\/uploads\/2015\/01\/003-66x66.jpg 66w\" sizes=\"auto, (max-width: 150px) 100vw, 150px\" \/><\/a>\n\t\t\t<\/dt>\n\t\t\t\t<dd class='wp-caption-text gallery-caption' id='gallery-1-10351'>\n\t\t\t\tSuportes para Extintor\n\t\t\t\t<\/dd><\/dl><dl class='gallery-item'>\n\t\t\t<dt class='gallery-icon landscape'>\n\t\t\t\t<a data-rel=\"iLightbox[postimages]\" data-title=\"Produtos\" data-caption=\"\" href='https:\/\/extintoresfirecruzeiro.com.br\/wp-content\/uploads\/2015\/01\/004.jpg'><img loading=\"lazy\" decoding=\"async\" width=\"150\" height=\"150\" src=\"https:\/\/extintoresfirecruzeiro.com.br\/wp-content\/uploads\/2015\/01\/004-150x150.jpg\" class=\"attachment-thumbnail size-thumbnail\" alt=\"\" aria-describedby=\"gallery-1-10352\" srcset=\"https:\/\/extintoresfirecruzeiro.com.br\/wp-content\/uploads\/2015\/01\/004-150x150.jpg 150w, https:\/\/extintoresfirecruzeiro.com.br\/wp-content\/uploads\/2015\/01\/004-66x66.jpg 66w\" sizes=\"auto, (max-width: 150px) 100vw, 150px\" \/><\/a>\n\t\t\t<\/dt>\n\t\t\t\t<dd class='wp-caption-text gallery-caption' id='gallery-1-10352'>\n\t\t\t\tLumin\u00e1rias de Emerg\u00eancia\n\t\t\t\t<\/dd><\/dl><br style=\"clear: both\" \/><dl class='gallery-item'>\n\t\t\t<dt class='gallery-icon landscape'>\n\t\t\t\t<a data-rel=\"iLightbox[postimages]\" data-title=\"Produtos\" data-caption=\"\" href='https:\/\/extintoresfirecruzeiro.com.br\/wp-content\/uploads\/2015\/01\/005.jpg'><img loading=\"lazy\" decoding=\"async\" width=\"150\" height=\"150\" src=\"https:\/\/extintoresfirecruzeiro.com.br\/wp-content\/uploads\/2015\/01\/005-150x150.jpg\" class=\"attachment-thumbnail size-thumbnail\" alt=\"\" aria-describedby=\"gallery-1-10353\" srcset=\"https:\/\/extintoresfirecruzeiro.com.br\/wp-content\/uploads\/2015\/01\/005-150x150.jpg 150w, https:\/\/extintoresfirecruzeiro.com.br\/wp-content\/uploads\/2015\/01\/005-66x66.jpg 66w\" sizes=\"auto, (max-width: 150px) 100vw, 150px\" \/><\/a>\n\t\t\t<\/dt>\n\t\t\t\t<dd class='wp-caption-text gallery-caption' id='gallery-1-10353'>\n\t\t\t\tMangueiras de Inc\u00eandio \n\t\t\t\t<\/dd><\/dl><dl class='gallery-item'>\n\t\t\t<dt class='gallery-icon landscape'>\n\t\t\t\t<a data-rel=\"iLightbox[postimages]\" data-title=\"Produtos\" data-caption=\"\" href='https:\/\/extintoresfirecruzeiro.com.br\/wp-content\/uploads\/2015\/01\/006.jpg'><img loading=\"lazy\" decoding=\"async\" width=\"150\" height=\"150\" src=\"https:\/\/extintoresfirecruzeiro.com.br\/wp-content\/uploads\/2015\/01\/006-150x150.jpg\" class=\"attachment-thumbnail size-thumbnail\" alt=\"\" aria-describedby=\"gallery-1-10354\" srcset=\"https:\/\/extintoresfirecruzeiro.com.br\/wp-content\/uploads\/2015\/01\/006-150x150.jpg 150w, https:\/\/extintoresfirecruzeiro.com.br\/wp-content\/uploads\/2015\/01\/006-66x66.jpg 66w\" sizes=\"auto, (max-width: 150px) 100vw, 150px\" \/><\/a>\n\t\t\t<\/dt>\n\t\t\t\t<dd class='wp-caption-text gallery-caption' id='gallery-1-10354'>\n\t\t\t\tSinaliza\u00e7\u00e3o de Emerg\u00eancia\n\t\t\t\t<\/dd><\/dl><dl class='gallery-item'>\n\t\t\t<dt class='gallery-icon landscape'>\n\t\t\t\t<a data-rel=\"iLightbox[postimages]\" data-title=\"Produtos\" data-caption=\"\" href='https:\/\/extintoresfirecruzeiro.com.br\/wp-content\/uploads\/2015\/01\/007.jpg'><img loading=\"lazy\" decoding=\"async\" width=\"150\" height=\"150\" src=\"https:\/\/extintoresfirecruzeiro.com.br\/wp-content\/uploads\/2015\/01\/007-150x150.jpg\" class=\"attachment-thumbnail size-thumbnail\" alt=\"\" aria-describedby=\"gallery-1-10355\" srcset=\"https:\/\/extintoresfirecruzeiro.com.br\/wp-content\/uploads\/2015\/01\/007-150x150.jpg 150w, https:\/\/extintoresfirecruzeiro.com.br\/wp-content\/uploads\/2015\/01\/007-66x66.jpg 66w\" sizes=\"auto, (max-width: 150px) 100vw, 150px\" \/><\/a>\n\t\t\t<\/dt>\n\t\t\t\t<dd class='wp-caption-text gallery-caption' id='gallery-1-10355'>\n\t\t\t\tExtintores Novos (Industrial e Veicular)\n\t\t\t\t<\/dd><\/dl><dl class='gallery-item'>\n\t\t\t<dt class='gallery-icon landscape'>\n\t\t\t\t<a data-rel=\"iLightbox[postimages]\" data-title=\"Produtos\" data-caption=\"\" href='https:\/\/extintoresfirecruzeiro.com.br\/wp-content\/uploads\/2015\/01\/008.jpg'><img loading=\"lazy\" decoding=\"async\" width=\"150\" height=\"150\" src=\"https:\/\/extintoresfirecruzeiro.com.br\/wp-content\/uploads\/2015\/01\/008-150x150.jpg\" class=\"attachment-thumbnail size-thumbnail\" alt=\"\" aria-describedby=\"gallery-1-10356\" srcset=\"https:\/\/extintoresfirecruzeiro.com.br\/wp-content\/uploads\/2015\/01\/008-150x150.jpg 150w, https:\/\/extintoresfirecruzeiro.com.br\/wp-content\/uploads\/2015\/01\/008-66x66.jpg 66w\" sizes=\"auto, (max-width: 150px) 100vw, 150px\" \/><\/a>\n\t\t\t<\/dt>\n\t\t\t\t<dd class='wp-caption-text gallery-caption' id='gallery-1-10356'>\n\t\t\t\tCentral de Alarme e Botoeiras\n\t\t\t\t<\/dd><\/dl><br style=\"clear: both\" \/>\n\t\t<\/div>\n\n","protected":false},"excerpt":{"rendered":"<p>Extintor de Di\u00f3xido de Carbono (Co2) Capacidade: 2, 4, 6, 10 e 25kg.\u200f Extintor de P\u00f3 Qu\u00edmico Capacidade: 4, 6, 8, 12, 20 e 50kg\u200f. Extintor de \u00c1gua Pressurizada Capacidade: 10Lts e 75 Lts. Extintores Veiculares ABC Validade: 5 anos Capacidade: 1, 2 e 4 Kg Capacidade: 8 e 12 Kg para carga perigosa. Extintor [&hellip;]<\/p>\n","protected":false},"author":1,"featured_media":0,"parent":0,"menu_order":0,"comment_status":"open","ping_status":"open","template":"","meta":{"footnotes":""},"class_list":["post-10295","page","type-page","status-publish","hentry"],"_links":{"self":[{"href":"https:\/\/extintoresfirecruzeiro.com.br\/index.php?rest_route=\/wp\/v2\/pages\/10295","targetHints":{"allow":["GET"]}}],"collection":[{"href":"https:\/\/extintoresfirecruzeiro.com.br\/index.php?rest_route=\/wp\/v2\/pages"}],"about":[{"href":"https:\/\/extintoresfirecruzeiro.com.br\/index.php?rest_route=\/wp\/v2\/types\/page"}],"author":[{"embeddable":true,"href":"https:\/\/extintoresfirecruzeiro.com.br\/index.php?rest_route=\/wp\/v2\/users\/1"}],"replies":[{"embeddable":true,"href":"https:\/\/extintoresfirecruzeiro.com.br\/index.php?rest_route=%2Fwp%2Fv2%2Fcomments&post=10295"}],"version-history":[{"count":8,"href":"https:\/\/extintoresfirecruzeiro.com.br\/index.php?rest_route=\/wp\/v2\/pages\/10295\/revisions"}],"predecessor-version":[{"id":10400,"href":"https:\/\/extintoresfirecruzeiro.com.br\/index.php?rest_route=\/wp\/v2\/pages\/10295\/revisions\/10400"}],"wp:attachment":[{"href":"https:\/\/extintoresfirecruzeiro.com.br\/index.php?rest_route=%2Fwp%2Fv2%2Fmedia&parent=10295"}],"curies":[{"name":"wp","href":"https:\/\/api.w.org\/{rel}","templated":true}]}}