{"id":10293,"date":"2015-01-15T12:00:29","date_gmt":"2015-01-15T12:00:29","guid":{"rendered":"http:\/\/extintoresfirecruzeiro.com.br\/?page_id=10293"},"modified":"2017-08-21T11:48:51","modified_gmt":"2017-08-21T14:48:51","slug":"empresa","status":"publish","type":"page","link":"https:\/\/extintoresfirecruzeiro.com.br\/?page_id=10293","title":{"rendered":"Empresa"},"content":{"rendered":"<div class=\"fusion-title title fusion-title-size-one\"><h1 class=\"title-heading-left\">Empresa<\/h1><div class=\"title-sep-container\"><div class=\"title-sep sep-double sep-solid\"><\/div><\/div><\/div>\n<p>Fundada no ano de 2010, \u00e0 FIRE &#8211; Sistemas de combate a inc\u00eandio foi criada para atender \u00e0s necessidades do mercado na venda de produtos especializados, servi\u00e7os t\u00e9cnicos, desenvolvimento de projetos e na assessoria t\u00e9cnica no combate e preven\u00e7\u00e3o de inc\u00eandios. Garantindo seguran\u00e7a pessoal e institucional aos seus clientes.<\/p>\n<p>Localizada na Rua Capit\u00e3o Neco, n\u00famero 1088, no centro da cidade de Cruzeiro estado de S\u00e3o Paulo nossa loja atende das 8:00H \u00e0s 18:00H de segunda \u00e0 sexta feira e aos s\u00e1bados das 8:00H \u00e0s 13:00H.<\/p>\n<p>Oferecemos uma grande variedades de produtos, componentes e acess\u00f3rios neste setor, profissional treinados, qualificados e atualizados com \u00e0s normas vigentes. <\/p>\n<p>Criamos e executamos projetos e brigada de inc\u00eandio para entidades p\u00fablicas, privadas e institucionais. Assessoria na obten\u00e7\u00e3o de licen\u00e7as, laudos e atestados (AVCB\/CLCB).<\/p>\n<p>Todos os nossos produtos e servi\u00e7os obedecem as normas de qualifica\u00e7\u00e3o t\u00e9cnica e legal exigidos pela ABNT e INMETRO.<\/p>\n","protected":false},"excerpt":{"rendered":"<p>Fundada no ano de 2010, \u00e0 FIRE &#8211; Sistemas de combate a inc\u00eandio foi criada para atender \u00e0s necessidades do mercado na venda de produtos especializados, servi\u00e7os t\u00e9cnicos, desenvolvimento de projetos e na assessoria t\u00e9cnica no combate e preven\u00e7\u00e3o de inc\u00eandios. Garantindo seguran\u00e7a pessoal e institucional aos seus clientes. Localizada na Rua Capit\u00e3o Neco, n\u00famero [&hellip;]<\/p>\n","protected":false},"author":1,"featured_media":0,"parent":0,"menu_order":0,"comment_status":"open","ping_status":"open","template":"","meta":{"footnotes":""},"class_list":["post-10293","page","type-page","status-publish","hentry"],"_links":{"self":[{"href":"https:\/\/extintoresfirecruzeiro.com.br\/index.php?rest_route=\/wp\/v2\/pages\/10293","targetHints":{"allow":["GET"]}}],"collection":[{"href":"https:\/\/extintoresfirecruzeiro.com.br\/index.php?rest_route=\/wp\/v2\/pages"}],"about":[{"href":"https:\/\/extintoresfirecruzeiro.com.br\/index.php?rest_route=\/wp\/v2\/types\/page"}],"author":[{"embeddable":true,"href":"https:\/\/extintoresfirecruzeiro.com.br\/index.php?rest_route=\/wp\/v2\/users\/1"}],"replies":[{"embeddable":true,"href":"https:\/\/extintoresfirecruzeiro.com.br\/index.php?rest_route=%2Fwp%2Fv2%2Fcomments&post=10293"}],"version-history":[{"count":4,"href":"https:\/\/extintoresfirecruzeiro.com.br\/index.php?rest_route=\/wp\/v2\/pages\/10293\/revisions"}],"predecessor-version":[{"id":10399,"href":"https:\/\/extintoresfirecruzeiro.com.br\/index.php?rest_route=\/wp\/v2\/pages\/10293\/revisions\/10399"}],"wp:attachment":[{"href":"https:\/\/extintoresfirecruzeiro.com.br\/index.php?rest_route=%2Fwp%2Fv2%2Fmedia&parent=10293"}],"curies":[{"name":"wp","href":"https:\/\/api.w.org\/{rel}","templated":true}]}}